{"id":796,"date":"2025-01-19T11:11:14","date_gmt":"2025-01-19T11:11:14","guid":{"rendered":"https:\/\/invitastudio.si\/?post_type=product&#038;p=796"},"modified":"2026-05-05T07:41:25","modified_gmt":"2026-05-05T07:41:25","slug":"fermentix-prebiotik-z-mlecnimi-fermenti-in-vitamini-za-odrasle","status":"publish","type":"product","link":"https:\/\/invitastudio.si\/it\/prodotto\/fermentix-prebiotik-z-mlecnimi-fermenti-in-vitamini-za-odrasle\/","title":{"rendered":"Fermentix: prebiotico con fermenti lattici e vitamine per adulti"},"content":{"rendered":"<div data-elementor-type=\"product-post\" data-elementor-id=\"796\" class=\"elementor elementor-796\" data-elementor-post-type=\"product\">\n\t\t\t\t<div class=\"elementor-element elementor-element-647443bc e-flex e-con-boxed e-con e-parent\" data-id=\"647443bc\" data-element_type=\"container\" data-e-type=\"container\">\n\t\t\t\t\t<div class=\"e-con-inner\">\n\t\t\t\t<div class=\"elementor-element elementor-element-1f1611c6 elementor-widget elementor-widget-text-editor\" data-id=\"1f1611c6\" data-element_type=\"widget\" data-e-type=\"widget\" data-widget_type=\"text-editor.default\">\n\t\t\t\t<div class=\"elementor-widget-container\">\n\t\t\t\t\t\t\t\t\t<h2>Kaj je prebiotik Fermentix?<\/h2><p>Fermentix je prehransko dopolnilo na osnovi tindaliziranih (neaktivnih) mle\u010dnih fermentov, prebioti\u010dnih vlaknin, ki so koristne za spodbujanje \u010drevesnega ravnovesja in dobrega po\u010dutja ter vitaminov skupine B (B1, B2, B3, B6, B12). Pakiran je v priro\u010dne stekleni\u010dke za enostavno uporabo. Vsaka stekleni\u010dka vsebuje kar 10 milijard tindaliziranih mle\u010dnih fermentov.<\/p><p>Vsebina: 12 stekleni\u010dk po 10 ml \u2013 pripravljeno za pitje. Okus \u010drne \u010de\u0161nje (amarena).<\/p><h2>Kaj so prebiotiki in zakaj so pomembni?<\/h2><p>Leta 1995 sta Glenn Gibson in Marcel Roberfroid prva opredelila pojem prebiotiki. Gre za pojmovanje prebiotikov v \u0161ir\u0161em smislu, po katerem mednje uvr\u0161\u010damo vse u\u017eite snovi, ki pripomorejo k ustvarjanju ustreznih \u017eivljenjskih pogojev za koristne \u010drevesne bakterije (Gibson, Roberfroid, 1995). V tem smislu sodijo med prebiotike hranila za koristne \u010drevesne bakterije in druge snovi, ki jim godijo \u2013 na\u00a0 primer sirotka, ki sicer ni hrana zanje, a vsebuje mle\u010dno kislino, ki godi koristnim bakterijam.<\/p><p>Stroka pa dandanes opredeljuje prebiotike v o\u017ejem smislu, kot hrano za koristne mikroorganizme. To so za \u010dloveka neprebavljivi kompleksni ogljikovi hidrati, predvsem frukto-oligosaharidi in galakto-oligosaharidi (Davani-Davari et al., 2019). Gre za sestavine vlaknin. Vlakninsko bogata hrana so stro\u010dnice, \u017eivila iz integralnih \u017eitaric ter zelenjava in sadje. Svetovna zdravstvena organizacija priporo\u010da v prehrani vsaj 400 g zelenjave in sadja na dan, a ju ve\u010dinoma u\u017eijemo manj. Premalo pojemo tudi polnovrednih \u017eit, pa tudi stro\u010dnice so iz sodobne prehrane precej izrinjene. Po uradnih priporo\u010dilih naj bi odrasli zau\u017eili od 25 do 38 g vlaknin na dan. Povpre\u010den odrasel prebivalec ZDA jih zau\u017eije le 3,5 g, torej kakih desetkrat manj kot je priporo\u010deno (Dennis, 2017). \u010ce s hrano ne uspemo pridobiti dovolj vlaknin, jo je smiselno dopolniti s prebioti\u010dnimi prehranskimi dopolnili.<\/p><h2>Priporo\u010dena uporaba<\/h2><p>1 stekleni\u010dka 1-2 krat na dan. Izdelek lahko po potrebi zau\u017eijete po obroku ali med obroki. Lahko ga zau\u017eijete samega ali pa ga razred\u010dite v toplih ali hladnih napitkih. Pred uporabo pretresite.<\/p><h2>Sestavine<\/h2><p>Voda, fruktoza, arabinogalaktan, tindaliziran Lactobacillus acidophilus HA-122 (BCCM: LMG S-24802), regulator kislosti: citronska kislina; konzervansi: kalijev sorbat, natrijev benzoat; tindaliziran Lactobacillus casei HA-108 (BCCM: LMG S-24115), aroma, niacin (vitamin B3), vitamin B2 (riboflavin 5\u2032-fosfat, natrij), vitamin B6 (piridoksin hidroklorid), vitamin B1 (tiamin hidroklorid), vitamin B12 (cianokobalamin). Vsebuje mleko in mle\u010dne proizvode, sojo in sojine proizvode.<\/p><h2>Sestava Fermentix<\/h2><table width=\"623\"><tbody><tr><td>Opis sestavin<p>(povpre\u010dna vsebnost)<\/p><\/td><td width=\"159\">1 stekleni\u010dka<p>(10 ml)<\/p><\/td><td width=\"151\">2 stekleni\u010dki<p>(20 ml)<\/p><\/td><\/tr><tr><td>Arabinogalaktan<\/td><td width=\"159\">250 mg<\/td><td width=\"151\">500 mg<\/td><\/tr><tr><td>Tindaliziran Lactobacillus acidophilus HA-122<\/td><td width=\"159\">8 milijard celic<\/td><td width=\"151\">16 milijard celic<\/td><\/tr><tr><td>Tindaliziran Lactobacillus casei HA-108<\/td><td width=\"159\">2 milijardi celic<\/td><td width=\"151\">4 milijarde celic<\/td><\/tr><tr><td>Niacin (Vitamin B3)<\/td><td width=\"159\">4,8 mg (30 % PDV)<\/td><td width=\"151\">9,6 mg (60 % PDV)<\/td><\/tr><tr><td>Tiamin (Vitamin B1)<\/td><td width=\"159\">0,33 mg (30 % PDV)<\/td><td width=\"151\">0,66 mg (60 % PDV)<\/td><\/tr><tr><td>Riboflavin (Vitamin B2)<\/td><td width=\"159\">0,42 mg (30 % PDV)<\/td><td width=\"151\">0,84 mg (60 % PDV)<\/td><\/tr><tr><td>Vitamin B6 (Piridoksin)<\/td><td width=\"159\">0,42 mg (30 % PDV)<\/td><td width=\"151\">0,84 mg (60 % PDV)<\/td><\/tr><tr><td>Vitamin B12 (Cianokobalamin)<\/td><td width=\"159\">0,75 mcg (30 % PDV)<\/td><td width=\"151\">1,5 mcg (60 % PDV)<\/td><\/tr><\/tbody><\/table><p>Referen\u010dna dnevna vrednost za vnos hranil (odrasli) v skladu z Uredbo \u0161t. 1169\/2011<\/p><p>Neto koli\u010dina: 120 ml<\/p><h3>Opozorila<\/h3><p>Ne prekora\u010dite priporo\u010denih dnevnih odmerkov. Hraniti izven dosega otrok. Prehranska dopolnila niso nadomestilo za raznoliko in uravnote\u017eeno prehrano ter zdrav \u017eivljenjski slog. Manj\u0161e razlike v barvi in okusu ter morebitna tvorba oborin, ki jih je mogo\u010de odstraniti z me\u0161anjem, so povezane z normalno spremenljivostjo sestavin naravnega izvora in niso znak spremembe kakovosti izdelka. Hraniti na hladnem in suhem mestu, stran od svetlobe in neposrednih virov toplote. Datum izteka veljavnosti se nana\u0161a na izdelek v neodprti embala\u017ei, ki je pravilno shranjen.<\/p>\t\t\t\t\t\t\t\t<\/div>\n\t\t\t\t<\/div>\n\t\t\t\t\t<\/div>\n\t\t\t\t<\/div>\n\t\t\t\t<\/div>","protected":false},"excerpt":{"rendered":"<p><strong>Prehransko dopolnilo<br \/>\nVsebina:\u00a0<\/strong>12 fla\u0161k (neto 120 ml)<\/p>","protected":false},"featured_media":797,"comment_status":"open","ping_status":"closed","template":"","meta":{"inline_featured_image":false},"product_cat":[18],"product_tag":[],"class_list":{"0":"post-796","1":"product","2":"type-product","3":"status-publish","4":"has-post-thumbnail","6":"product_cat-uncategorized","8":"first","9":"instock","10":"shipping-taxable","11":"purchasable","12":"product-type-simple"},"yoast_head":"<!-- This site is optimized with the Yoast SEO plugin v25.1 - https:\/\/yoast.com\/wordpress\/plugins\/seo\/ -->\n<title>Fermentix prebiotik z mle\u010dnimi fermenti in vitamini za odrasle - In Vita Studio<\/title>\n<meta name=\"robots\" content=\"index, follow, max-snippet:-1, max-image-preview:large, max-video-preview:-1\" \/>\n<link rel=\"canonical\" href=\"https:\/\/invitastudio.si\/it\/prodotto\/fermentix-prebiotik-z-mlecnimi-fermenti-in-vitamini-za-odrasle\/\" \/>\n<meta property=\"og:locale\" content=\"it_IT\" \/>\n<meta property=\"og:type\" content=\"article\" \/>\n<meta property=\"og:title\" content=\"Fermentix prebiotik z mle\u010dnimi fermenti in vitamini za odrasle - In Vita Studio\" \/>\n<meta property=\"og:description\" content=\"Prehransko dopolnilo Vsebina:\u00a012 fla\u0161k (neto 120 ml)\" \/>\n<meta property=\"og:url\" content=\"https:\/\/invitastudio.si\/it\/prodotto\/fermentix-prebiotik-z-mlecnimi-fermenti-in-vitamini-za-odrasle\/\" \/>\n<meta property=\"og:site_name\" content=\"In Vita Studio\" \/>\n<meta property=\"article:modified_time\" content=\"2026-05-05T07:41:25+00:00\" \/>\n<meta property=\"og:image\" content=\"https:\/\/invitastudio.si\/wp-content\/uploads\/2025\/01\/Fermentix-za-odrasle-12-flask-1000x890-1.jpg\" \/>\n\t<meta property=\"og:image:width\" content=\"1000\" \/>\n\t<meta property=\"og:image:height\" content=\"890\" \/>\n\t<meta property=\"og:image:type\" content=\"image\/jpeg\" \/>\n<meta name=\"twitter:card\" content=\"summary_large_image\" \/>\n<script type=\"application\/ld+json\" class=\"yoast-schema-graph\">{\"@context\":\"https:\/\/schema.org\",\"@graph\":[{\"@type\":\"WebPage\",\"@id\":\"https:\/\/invitastudio.si\/izdelek\/fermentix-prebiotik-z-mlecnimi-fermenti-in-vitamini-za-odrasle\/\",\"url\":\"https:\/\/invitastudio.si\/izdelek\/fermentix-prebiotik-z-mlecnimi-fermenti-in-vitamini-za-odrasle\/\",\"name\":\"Fermentix prebiotik z mle\u010dnimi fermenti in vitamini za odrasle - In Vita Studio\",\"isPartOf\":{\"@id\":\"https:\/\/invitastudio.si\/#website\"},\"primaryImageOfPage\":{\"@id\":\"https:\/\/invitastudio.si\/izdelek\/fermentix-prebiotik-z-mlecnimi-fermenti-in-vitamini-za-odrasle\/#primaryimage\"},\"image\":{\"@id\":\"https:\/\/invitastudio.si\/izdelek\/fermentix-prebiotik-z-mlecnimi-fermenti-in-vitamini-za-odrasle\/#primaryimage\"},\"thumbnailUrl\":\"https:\/\/invitastudio.si\/wp-content\/uploads\/2025\/01\/Fermentix-za-odrasle-12-flask-1000x890-1.jpg\",\"datePublished\":\"2025-01-19T11:11:14+00:00\",\"dateModified\":\"2026-05-05T07:41:25+00:00\",\"breadcrumb\":{\"@id\":\"https:\/\/invitastudio.si\/izdelek\/fermentix-prebiotik-z-mlecnimi-fermenti-in-vitamini-za-odrasle\/#breadcrumb\"},\"inLanguage\":\"it-IT\",\"potentialAction\":[{\"@type\":\"ReadAction\",\"target\":[\"https:\/\/invitastudio.si\/izdelek\/fermentix-prebiotik-z-mlecnimi-fermenti-in-vitamini-za-odrasle\/\"]}]},{\"@type\":\"ImageObject\",\"inLanguage\":\"it-IT\",\"@id\":\"https:\/\/invitastudio.si\/izdelek\/fermentix-prebiotik-z-mlecnimi-fermenti-in-vitamini-za-odrasle\/#primaryimage\",\"url\":\"https:\/\/invitastudio.si\/wp-content\/uploads\/2025\/01\/Fermentix-za-odrasle-12-flask-1000x890-1.jpg\",\"contentUrl\":\"https:\/\/invitastudio.si\/wp-content\/uploads\/2025\/01\/Fermentix-za-odrasle-12-flask-1000x890-1.jpg\",\"width\":1000,\"height\":890},{\"@type\":\"BreadcrumbList\",\"@id\":\"https:\/\/invitastudio.si\/izdelek\/fermentix-prebiotik-z-mlecnimi-fermenti-in-vitamini-za-odrasle\/#breadcrumb\",\"itemListElement\":[{\"@type\":\"ListItem\",\"position\":1,\"name\":\"Home\",\"item\":\"https:\/\/invitastudio.si\/\"},{\"@type\":\"ListItem\",\"position\":2,\"name\":\"Trgovina\",\"item\":\"https:\/\/invitastudio.si\/trgovina\/\"},{\"@type\":\"ListItem\",\"position\":3,\"name\":\"Fermentix prebiotik z mle\u010dnimi fermenti in vitamini za odrasle\"}]},{\"@type\":\"WebSite\",\"@id\":\"https:\/\/invitastudio.si\/#website\",\"url\":\"https:\/\/invitastudio.si\/\",\"name\":\"In Vita Studio\",\"description\":\"\",\"potentialAction\":[{\"@type\":\"SearchAction\",\"target\":{\"@type\":\"EntryPoint\",\"urlTemplate\":\"https:\/\/invitastudio.si\/?s={search_term_string}\"},\"query-input\":{\"@type\":\"PropertyValueSpecification\",\"valueRequired\":true,\"valueName\":\"search_term_string\"}}],\"inLanguage\":\"it-IT\"}]}<\/script>\n<!-- \/ Yoast SEO plugin. -->","yoast_head_json":{"title":"Fermentix prebiotik z mle\u010dnimi fermenti in vitamini za odrasle - In Vita Studio","robots":{"index":"index","follow":"follow","max-snippet":"max-snippet:-1","max-image-preview":"max-image-preview:large","max-video-preview":"max-video-preview:-1"},"canonical":"https:\/\/invitastudio.si\/it\/prodotto\/fermentix-prebiotik-z-mlecnimi-fermenti-in-vitamini-za-odrasle\/","og_locale":"it_IT","og_type":"article","og_title":"Fermentix prebiotik z mle\u010dnimi fermenti in vitamini za odrasle - In Vita Studio","og_description":"Prehransko dopolnilo Vsebina:\u00a012 fla\u0161k (neto 120 ml)","og_url":"https:\/\/invitastudio.si\/it\/prodotto\/fermentix-prebiotik-z-mlecnimi-fermenti-in-vitamini-za-odrasle\/","og_site_name":"In Vita Studio","article_modified_time":"2026-05-05T07:41:25+00:00","og_image":[{"width":1000,"height":890,"url":"https:\/\/invitastudio.si\/wp-content\/uploads\/2025\/01\/Fermentix-za-odrasle-12-flask-1000x890-1.jpg","type":"image\/jpeg"}],"twitter_card":"summary_large_image","schema":{"@context":"https:\/\/schema.org","@graph":[{"@type":"WebPage","@id":"https:\/\/invitastudio.si\/izdelek\/fermentix-prebiotik-z-mlecnimi-fermenti-in-vitamini-za-odrasle\/","url":"https:\/\/invitastudio.si\/izdelek\/fermentix-prebiotik-z-mlecnimi-fermenti-in-vitamini-za-odrasle\/","name":"Fermentix prebiotik z mle\u010dnimi fermenti in vitamini za odrasle - In Vita Studio","isPartOf":{"@id":"https:\/\/invitastudio.si\/#website"},"primaryImageOfPage":{"@id":"https:\/\/invitastudio.si\/izdelek\/fermentix-prebiotik-z-mlecnimi-fermenti-in-vitamini-za-odrasle\/#primaryimage"},"image":{"@id":"https:\/\/invitastudio.si\/izdelek\/fermentix-prebiotik-z-mlecnimi-fermenti-in-vitamini-za-odrasle\/#primaryimage"},"thumbnailUrl":"https:\/\/invitastudio.si\/wp-content\/uploads\/2025\/01\/Fermentix-za-odrasle-12-flask-1000x890-1.jpg","datePublished":"2025-01-19T11:11:14+00:00","dateModified":"2026-05-05T07:41:25+00:00","breadcrumb":{"@id":"https:\/\/invitastudio.si\/izdelek\/fermentix-prebiotik-z-mlecnimi-fermenti-in-vitamini-za-odrasle\/#breadcrumb"},"inLanguage":"it-IT","potentialAction":[{"@type":"ReadAction","target":["https:\/\/invitastudio.si\/izdelek\/fermentix-prebiotik-z-mlecnimi-fermenti-in-vitamini-za-odrasle\/"]}]},{"@type":"ImageObject","inLanguage":"it-IT","@id":"https:\/\/invitastudio.si\/izdelek\/fermentix-prebiotik-z-mlecnimi-fermenti-in-vitamini-za-odrasle\/#primaryimage","url":"https:\/\/invitastudio.si\/wp-content\/uploads\/2025\/01\/Fermentix-za-odrasle-12-flask-1000x890-1.jpg","contentUrl":"https:\/\/invitastudio.si\/wp-content\/uploads\/2025\/01\/Fermentix-za-odrasle-12-flask-1000x890-1.jpg","width":1000,"height":890},{"@type":"BreadcrumbList","@id":"https:\/\/invitastudio.si\/izdelek\/fermentix-prebiotik-z-mlecnimi-fermenti-in-vitamini-za-odrasle\/#breadcrumb","itemListElement":[{"@type":"ListItem","position":1,"name":"Home","item":"https:\/\/invitastudio.si\/"},{"@type":"ListItem","position":2,"name":"Trgovina","item":"https:\/\/invitastudio.si\/trgovina\/"},{"@type":"ListItem","position":3,"name":"Fermentix prebiotik z mle\u010dnimi fermenti in vitamini za odrasle"}]},{"@type":"WebSite","@id":"https:\/\/invitastudio.si\/#website","url":"https:\/\/invitastudio.si\/","name":"In Vita Studio","description":"","potentialAction":[{"@type":"SearchAction","target":{"@type":"EntryPoint","urlTemplate":"https:\/\/invitastudio.si\/?s={search_term_string}"},"query-input":{"@type":"PropertyValueSpecification","valueRequired":true,"valueName":"search_term_string"}}],"inLanguage":"it-IT"}]}},"jetpack_sharing_enabled":true,"_links":{"self":[{"href":"https:\/\/invitastudio.si\/it\/wp-json\/wp\/v2\/product\/796","targetHints":{"allow":["GET"]}}],"collection":[{"href":"https:\/\/invitastudio.si\/it\/wp-json\/wp\/v2\/product"}],"about":[{"href":"https:\/\/invitastudio.si\/it\/wp-json\/wp\/v2\/types\/product"}],"replies":[{"embeddable":true,"href":"https:\/\/invitastudio.si\/it\/wp-json\/wp\/v2\/comments?post=796"}],"version-history":[{"count":4,"href":"https:\/\/invitastudio.si\/it\/wp-json\/wp\/v2\/product\/796\/revisions"}],"predecessor-version":[{"id":801,"href":"https:\/\/invitastudio.si\/it\/wp-json\/wp\/v2\/product\/796\/revisions\/801"}],"wp:featuredmedia":[{"embeddable":true,"href":"https:\/\/invitastudio.si\/it\/wp-json\/wp\/v2\/media\/797"}],"wp:attachment":[{"href":"https:\/\/invitastudio.si\/it\/wp-json\/wp\/v2\/media?parent=796"}],"wp:term":[{"taxonomy":"product_cat","embeddable":true,"href":"https:\/\/invitastudio.si\/it\/wp-json\/wp\/v2\/product_cat?post=796"},{"taxonomy":"product_tag","embeddable":true,"href":"https:\/\/invitastudio.si\/it\/wp-json\/wp\/v2\/product_tag?post=796"}],"curies":[{"name":"wp","href":"https:\/\/api.w.org\/{rel}","templated":true}]}}