{"id":763,"date":"2025-01-19T10:50:54","date_gmt":"2025-01-19T10:50:54","guid":{"rendered":"https:\/\/invitastudio.si\/?post_type=product&#038;p=763"},"modified":"2026-05-05T07:29:42","modified_gmt":"2026-05-05T07:29:42","slug":"klorela-yaeyama-200-tablet","status":"publish","type":"product","link":"https:\/\/invitastudio.si\/it\/prodotto\/klorela-yaeyama-200-tablet\/","title":{"rendered":"Clorella Yaeyama\u00ae \u2013 200 compresse"},"content":{"rendered":"<div data-elementor-type=\"product-post\" data-elementor-id=\"763\" class=\"elementor elementor-763\" data-elementor-post-type=\"product\">\n\t\t\t\t<div class=\"elementor-element elementor-element-647443bc e-flex e-con-boxed e-con e-parent\" data-id=\"647443bc\" data-element_type=\"container\" data-e-type=\"container\">\n\t\t\t\t\t<div class=\"e-con-inner\">\n\t\t\t\t<div class=\"elementor-element elementor-element-1f1611c6 elementor-widget elementor-widget-text-editor\" data-id=\"1f1611c6\" data-element_type=\"widget\" data-e-type=\"widget\" data-widget_type=\"text-editor.default\">\n\t\t\t\t<div class=\"elementor-widget-container\">\n\t\t\t\t\t\t\t\t\t<h2>Kaj je Klorela Yaeyama?<\/h2><p>Klorela Yaeyama je\u00a0<strong>modrozelena alga<\/strong>, ki se uporablja za obogatitev prehrane z naravnimi in koristnimi rastlinskimi hranili. Ima\u00a0<strong>visoko vsebnost beljakovin, vitamina A, B12, K, folne kisline ter mineralov \u017eeleza<\/strong>. Zahvaljujo\u010d posebnemu postopku upra\u0161evanja, je Klorela Yaeyama\u00a0<strong>lahko prebavljiva<\/strong>. Sprva je bila absorpcija tablet klorele zgolj 50% do 60%, odkar pa je v rabi tehnologija hladnega su\u0161enja, je raven absorpcije \u017ee pribli\u017eno 82%.<\/p><h2>Kako se goji Klorelo?<\/h2><p>\u010ce \u017eelimo klorelo uporabljati za vzdr\u017eevanje zdravja in jo vklju\u010diti v prehrano, jo je potrebno\u00a0<strong>gojiti<\/strong>. Ves proces vzgoje klorele Yaeyama poteka ob (obnovljivi) son\u010dni energiji in v strogo nadzorovanih pogojih. Ker ob tem ne izgubi visoke vsebnosti beljakovin in drugih sestavin, ohrani \u017eivo temnozeleno barvo in je podobnega vonja kot matcha zeleni \u010daj ali alge aonori. Tako pridobljena klorela je\u00a0<strong>visoko hranljiva rastlina<\/strong>\u00a0in ne vsebuje pesticidov.<\/p><h2>Prednosti uporabe klorele<\/h2><p>Omenili smo \u017ee, da je klorela prava zakladnica vitaminov, beljakovin in mineralov \u017eeleza. Pa si poglejmo klju\u010dne prednosti:<\/p><ul><li>Klorela Yaeyama\u00ae ima visoko vsebnost vitamina B12, zato je pomemben dodatek zlasti k prehrani vegetarijancev<\/li><li>Vitamin K prispeva k normalnemu strjevanju krvi in\u00a0<strong>ohranjanju zdravih kosti<\/strong>.<\/li><li>\u017delezo ima vlogo pri nastajanju rde\u010dih krvni\u010dk in hemoglobina, pri prenosu kisika v telesu in pri delovanju\u00a0<strong>imunskega sistema<\/strong>. \u017delezo prispeva tudi k spro\u0161\u010danju energije pri presnovi ter\u00a0<strong>zmanj\u0161evanju utrujenosti in iz\u010drpanosti.<\/strong><\/li><li>Vitamin A ima vlogo pri presnovi \u017eeleza, pri\u00a0<strong>ohranjanju vida<\/strong>, pri delovanju imunskega sistema ter pri specializaciji celic. Vitamin A prispeva tudi k ohranjanju zdravih sluznic in k ohranjanju\u00a0<strong>zdrave ko\u017ee<\/strong>.<\/li><\/ul><h3>Sestava Klorele Yaeyama\u00ae<\/h3><table><tbody><tr><td class=\"grey\">Sestavina<\/td><td class=\"grey\">Dnevni odmerek: 3 g (6 tablet)<\/td><td class=\"grey\">% priporo\u010dene dnevne koli\u010dine\/3g<\/td><\/tr><tr><td>Alga Klorela Yaeyama (ekstrakt)<\/td><td>600 mg<\/td><td>\u2013<\/td><\/tr><tr><td class=\"grey\">Vitamin A:<\/td><td>278,7 mcg<\/td><td>35 %<\/td><\/tr><tr><td class=\"grey\">Vitamin K:<\/td><td>25,0 mcg<\/td><td>33 %<\/td><\/tr><tr><td class=\"grey\">Vitamin B12:<\/td><td>0,8 mcg<\/td><td>32 %<\/td><\/tr><tr><td class=\"grey\">Folna kislina:<\/td><td>54,0 mcg<\/td><td>27 %<\/td><\/tr><tr><td class=\"grey\">\u017delezo:<\/td><td>3,7 mg<\/td><td>26 %<\/td><\/tr><tr><td class=\"grey\">Linolenska kislina:<\/td><td>6,6 mg<\/td><td>\u2013<\/td><\/tr><tr><td class=\"grey\">Linolna kislina:<\/td><td>17,3 mg<\/td><td>\u2013<\/td><\/tr><tr><td class=\"grey\">Klorofil:<\/td><td>110 mg<\/td><td>\u2013<\/td><\/tr><tr><td>Lutein<\/td><td>13,5 mg<\/td><td>\u2013<\/td><\/tr><\/tbody><\/table><p>Neto vsebina:\u00a0<a href=\"https:\/\/www.institut-o.com\/izdelek\/klorela-yaeyama-modrozelena-alga-100-tablet\/\" target=\"_blank\" rel=\"noopener\">50 g (100 tablet)<\/a>, 100 g (200 tablet) ali\u00a0<a href=\"https:\/\/www.institut-o.com\/izdelek\/klorela-yaeyama-modrozelena-alga-400-tablet\/\" target=\"_blank\" rel=\"noopener\">200 g (400 tablet)<\/a><\/p><h3>Priporo\u010dena uporaba<\/h3><p>6 tablet na dan skupaj z obrokom ali med obroki. Klorela Yaeyama\u00ae je primerna tudi za vegetarijance in vegane.<\/p><p>Hranite na suhem mestu, pri sobni temperaturi izven dosega otrok. Klorela Yaeyama\u00ae\u00a0je prehransko dopolnilo in ni nadomestilo za zdravo uravnote\u017eeno prehrano.<\/p>\t\t\t\t\t\t\t\t<\/div>\n\t\t\t\t<\/div>\n\t\t\t\t\t<\/div>\n\t\t\t\t<\/div>\n\t\t\t\t<\/div>","protected":false},"excerpt":{"rendered":"<p><strong>Prehransko dopolnilo<\/strong><br \/>\n<strong>Neto vsebina:<\/strong>\u00a0100 g (200 tablet)<\/p>","protected":false},"featured_media":771,"comment_status":"open","ping_status":"closed","template":"","meta":{"inline_featured_image":false},"product_cat":[18],"product_tag":[],"class_list":{"0":"post-763","1":"product","2":"type-product","3":"status-publish","4":"has-post-thumbnail","6":"product_cat-uncategorized","8":"first","9":"instock","10":"shipping-taxable","11":"purchasable","12":"product-type-simple"},"yoast_head":"<!-- This site is optimized with the Yoast SEO plugin v25.1 - https:\/\/yoast.com\/wordpress\/plugins\/seo\/ -->\n<title>Klorela Yaeyama\u00ae \u2013 200 tablet - In Vita Studio<\/title>\n<meta name=\"robots\" content=\"index, follow, max-snippet:-1, max-image-preview:large, max-video-preview:-1\" \/>\n<link rel=\"canonical\" href=\"https:\/\/invitastudio.si\/it\/prodotto\/klorela-yaeyama-200-tablet\/\" \/>\n<meta property=\"og:locale\" content=\"it_IT\" \/>\n<meta property=\"og:type\" content=\"article\" \/>\n<meta property=\"og:title\" content=\"Klorela Yaeyama\u00ae \u2013 200 tablet - In Vita Studio\" \/>\n<meta property=\"og:description\" content=\"Prehransko dopolnilo Neto vsebina:\u00a0100 g (200 tablet)\" \/>\n<meta property=\"og:url\" content=\"https:\/\/invitastudio.si\/it\/prodotto\/klorela-yaeyama-200-tablet\/\" \/>\n<meta property=\"og:site_name\" content=\"In Vita Studio\" \/>\n<meta property=\"article:modified_time\" content=\"2026-05-05T07:29:42+00:00\" \/>\n<meta property=\"og:image\" content=\"https:\/\/invitastudio.si\/wp-content\/uploads\/2025\/01\/klorella_200-1.jpeg\" \/>\n\t<meta property=\"og:image:width\" content=\"1000\" \/>\n\t<meta property=\"og:image:height\" content=\"1000\" \/>\n\t<meta property=\"og:image:type\" content=\"image\/jpeg\" \/>\n<meta name=\"twitter:card\" content=\"summary_large_image\" \/>\n<script type=\"application\/ld+json\" class=\"yoast-schema-graph\">{\"@context\":\"https:\/\/schema.org\",\"@graph\":[{\"@type\":\"WebPage\",\"@id\":\"https:\/\/invitastudio.si\/izdelek\/klorela-yaeyama-200-tablet\/\",\"url\":\"https:\/\/invitastudio.si\/izdelek\/klorela-yaeyama-200-tablet\/\",\"name\":\"Klorela Yaeyama\u00ae \u2013 200 tablet - In Vita Studio\",\"isPartOf\":{\"@id\":\"https:\/\/invitastudio.si\/#website\"},\"primaryImageOfPage\":{\"@id\":\"https:\/\/invitastudio.si\/izdelek\/klorela-yaeyama-200-tablet\/#primaryimage\"},\"image\":{\"@id\":\"https:\/\/invitastudio.si\/izdelek\/klorela-yaeyama-200-tablet\/#primaryimage\"},\"thumbnailUrl\":\"https:\/\/invitastudio.si\/wp-content\/uploads\/2025\/01\/klorella_200-1.jpeg\",\"datePublished\":\"2025-01-19T10:50:54+00:00\",\"dateModified\":\"2026-05-05T07:29:42+00:00\",\"breadcrumb\":{\"@id\":\"https:\/\/invitastudio.si\/izdelek\/klorela-yaeyama-200-tablet\/#breadcrumb\"},\"inLanguage\":\"it-IT\",\"potentialAction\":[{\"@type\":\"ReadAction\",\"target\":[\"https:\/\/invitastudio.si\/izdelek\/klorela-yaeyama-200-tablet\/\"]}]},{\"@type\":\"ImageObject\",\"inLanguage\":\"it-IT\",\"@id\":\"https:\/\/invitastudio.si\/izdelek\/klorela-yaeyama-200-tablet\/#primaryimage\",\"url\":\"https:\/\/invitastudio.si\/wp-content\/uploads\/2025\/01\/klorella_200-1.jpeg\",\"contentUrl\":\"https:\/\/invitastudio.si\/wp-content\/uploads\/2025\/01\/klorella_200-1.jpeg\",\"width\":1000,\"height\":1000},{\"@type\":\"BreadcrumbList\",\"@id\":\"https:\/\/invitastudio.si\/izdelek\/klorela-yaeyama-200-tablet\/#breadcrumb\",\"itemListElement\":[{\"@type\":\"ListItem\",\"position\":1,\"name\":\"Home\",\"item\":\"https:\/\/invitastudio.si\/\"},{\"@type\":\"ListItem\",\"position\":2,\"name\":\"Trgovina\",\"item\":\"https:\/\/invitastudio.si\/trgovina\/\"},{\"@type\":\"ListItem\",\"position\":3,\"name\":\"Klorela Yaeyama\u00ae \u2013 200 tablet\"}]},{\"@type\":\"WebSite\",\"@id\":\"https:\/\/invitastudio.si\/#website\",\"url\":\"https:\/\/invitastudio.si\/\",\"name\":\"In Vita Studio\",\"description\":\"\",\"potentialAction\":[{\"@type\":\"SearchAction\",\"target\":{\"@type\":\"EntryPoint\",\"urlTemplate\":\"https:\/\/invitastudio.si\/?s={search_term_string}\"},\"query-input\":{\"@type\":\"PropertyValueSpecification\",\"valueRequired\":true,\"valueName\":\"search_term_string\"}}],\"inLanguage\":\"it-IT\"}]}<\/script>\n<!-- \/ Yoast SEO plugin. -->","yoast_head_json":{"title":"Klorela Yaeyama\u00ae \u2013 200 tablet - In Vita Studio","robots":{"index":"index","follow":"follow","max-snippet":"max-snippet:-1","max-image-preview":"max-image-preview:large","max-video-preview":"max-video-preview:-1"},"canonical":"https:\/\/invitastudio.si\/it\/prodotto\/klorela-yaeyama-200-tablet\/","og_locale":"it_IT","og_type":"article","og_title":"Klorela Yaeyama\u00ae \u2013 200 tablet - In Vita Studio","og_description":"Prehransko dopolnilo Neto vsebina:\u00a0100 g (200 tablet)","og_url":"https:\/\/invitastudio.si\/it\/prodotto\/klorela-yaeyama-200-tablet\/","og_site_name":"In Vita Studio","article_modified_time":"2026-05-05T07:29:42+00:00","og_image":[{"width":1000,"height":1000,"url":"https:\/\/invitastudio.si\/wp-content\/uploads\/2025\/01\/klorella_200-1.jpeg","type":"image\/jpeg"}],"twitter_card":"summary_large_image","schema":{"@context":"https:\/\/schema.org","@graph":[{"@type":"WebPage","@id":"https:\/\/invitastudio.si\/izdelek\/klorela-yaeyama-200-tablet\/","url":"https:\/\/invitastudio.si\/izdelek\/klorela-yaeyama-200-tablet\/","name":"Klorela Yaeyama\u00ae \u2013 200 tablet - In Vita Studio","isPartOf":{"@id":"https:\/\/invitastudio.si\/#website"},"primaryImageOfPage":{"@id":"https:\/\/invitastudio.si\/izdelek\/klorela-yaeyama-200-tablet\/#primaryimage"},"image":{"@id":"https:\/\/invitastudio.si\/izdelek\/klorela-yaeyama-200-tablet\/#primaryimage"},"thumbnailUrl":"https:\/\/invitastudio.si\/wp-content\/uploads\/2025\/01\/klorella_200-1.jpeg","datePublished":"2025-01-19T10:50:54+00:00","dateModified":"2026-05-05T07:29:42+00:00","breadcrumb":{"@id":"https:\/\/invitastudio.si\/izdelek\/klorela-yaeyama-200-tablet\/#breadcrumb"},"inLanguage":"it-IT","potentialAction":[{"@type":"ReadAction","target":["https:\/\/invitastudio.si\/izdelek\/klorela-yaeyama-200-tablet\/"]}]},{"@type":"ImageObject","inLanguage":"it-IT","@id":"https:\/\/invitastudio.si\/izdelek\/klorela-yaeyama-200-tablet\/#primaryimage","url":"https:\/\/invitastudio.si\/wp-content\/uploads\/2025\/01\/klorella_200-1.jpeg","contentUrl":"https:\/\/invitastudio.si\/wp-content\/uploads\/2025\/01\/klorella_200-1.jpeg","width":1000,"height":1000},{"@type":"BreadcrumbList","@id":"https:\/\/invitastudio.si\/izdelek\/klorela-yaeyama-200-tablet\/#breadcrumb","itemListElement":[{"@type":"ListItem","position":1,"name":"Home","item":"https:\/\/invitastudio.si\/"},{"@type":"ListItem","position":2,"name":"Trgovina","item":"https:\/\/invitastudio.si\/trgovina\/"},{"@type":"ListItem","position":3,"name":"Klorela Yaeyama\u00ae \u2013 200 tablet"}]},{"@type":"WebSite","@id":"https:\/\/invitastudio.si\/#website","url":"https:\/\/invitastudio.si\/","name":"In Vita Studio","description":"","potentialAction":[{"@type":"SearchAction","target":{"@type":"EntryPoint","urlTemplate":"https:\/\/invitastudio.si\/?s={search_term_string}"},"query-input":{"@type":"PropertyValueSpecification","valueRequired":true,"valueName":"search_term_string"}}],"inLanguage":"it-IT"}]}},"jetpack_sharing_enabled":true,"_links":{"self":[{"href":"https:\/\/invitastudio.si\/it\/wp-json\/wp\/v2\/product\/763","targetHints":{"allow":["GET"]}}],"collection":[{"href":"https:\/\/invitastudio.si\/it\/wp-json\/wp\/v2\/product"}],"about":[{"href":"https:\/\/invitastudio.si\/it\/wp-json\/wp\/v2\/types\/product"}],"replies":[{"embeddable":true,"href":"https:\/\/invitastudio.si\/it\/wp-json\/wp\/v2\/comments?post=763"}],"version-history":[{"count":10,"href":"https:\/\/invitastudio.si\/it\/wp-json\/wp\/v2\/product\/763\/revisions"}],"predecessor-version":[{"id":774,"href":"https:\/\/invitastudio.si\/it\/wp-json\/wp\/v2\/product\/763\/revisions\/774"}],"wp:featuredmedia":[{"embeddable":true,"href":"https:\/\/invitastudio.si\/it\/wp-json\/wp\/v2\/media\/771"}],"wp:attachment":[{"href":"https:\/\/invitastudio.si\/it\/wp-json\/wp\/v2\/media?parent=763"}],"wp:term":[{"taxonomy":"product_cat","embeddable":true,"href":"https:\/\/invitastudio.si\/it\/wp-json\/wp\/v2\/product_cat?post=763"},{"taxonomy":"product_tag","embeddable":true,"href":"https:\/\/invitastudio.si\/it\/wp-json\/wp\/v2\/product_tag?post=763"}],"curies":[{"name":"wp","href":"https:\/\/api.w.org\/{rel}","templated":true}]}}