{"id":732,"date":"2025-01-19T10:35:07","date_gmt":"2025-01-19T10:35:07","guid":{"rendered":"https:\/\/invitastudio.si\/?post_type=product&#038;p=732"},"modified":"2026-05-05T07:31:39","modified_gmt":"2026-05-05T07:31:39","slug":"vita-biosa-10l-bio-napitek","status":"publish","type":"product","link":"https:\/\/invitastudio.si\/it\/prodotto\/vita-biosa-10l-bio-napitek\/","title":{"rendered":"Vita Biosa (1,0 L) \u2013 Bevanda biologica"},"content":{"rendered":"<div data-elementor-type=\"product-post\" data-elementor-id=\"732\" class=\"elementor elementor-732\" data-elementor-post-type=\"product\">\n\t\t\t\t<div class=\"elementor-element elementor-element-647443bc e-flex e-con-boxed e-con e-parent\" data-id=\"647443bc\" data-element_type=\"container\" data-e-type=\"container\">\n\t\t\t\t\t<div class=\"e-con-inner\">\n\t\t\t\t<div class=\"elementor-element elementor-element-1f1611c6 elementor-widget elementor-widget-text-editor\" data-id=\"1f1611c6\" data-element_type=\"widget\" data-e-type=\"widget\" data-widget_type=\"text-editor.default\">\n\t\t\t\t<div class=\"elementor-widget-container\">\n\t\t\t\t\t\t\t\t\t<h3>Kaj je Vita Biosa<\/h3><p>Je biolo\u0161ko proizveden zeli\u0161\u010dni napitek z me\u0161anico 8 vrst aktivnih mle\u010dnokislinskih in bifido bakterij in me\u0161anico 19 izbranih zeli\u0161\u010d. Proizveden je s postopkom fermentacije, v katerem pridobi organske kisline, aktivne mikroorganizme in izvle\u010dke iz zeli\u0161\u010d. V njem ni ne sladkorja ne mleka ne konzervansov.<\/p><h3>Sestava VitaBiose<\/h3><table><tbody><tr><td class=\"grey\">Hranilna vrednost na 100 ml:<\/td><td>8 kcal (36 kJ)<\/td><\/tr><tr><td class=\"grey\">Ma\u0161\u010dobe:<\/td><td>0 g (od tega nasi\u010denih 0 g)<\/td><\/tr><tr><td class=\"grey\">Ogljikovi hidrati:<\/td><td>1,8 g (od tega sladkorji 0 g)<\/td><\/tr><tr><td class=\"grey\">Vlaknine:<\/td><td>0 g<\/td><\/tr><tr><td class=\"grey\">Beljakovine:<\/td><td>0,3 g<\/td><\/tr><tr><td class=\"grey\">Sol:<\/td><td>0,02 g<\/td><\/tr><tr><td class=\"grey\">Aktivni mikroorganizmi:<\/td><td>povpre\u010dno 5 \u2013 10 milijard ob proizvodnji<\/td><\/tr><tr><td class=\"grey\" colspan=\"2\">Sestavine:<\/td><\/tr><tr><td colspan=\"2\">Voda<\/td><\/tr><tr><td colspan=\"2\">Melasa iz biolo\u0161ko pridelanega sladkornega trsa (brez sladkorja)<\/td><\/tr><tr><td colspan=\"2\">19 biolo\u0161ko pridelanih zeli\u0161\u010d \u2013 0,5% (jane\u017eeva semena, semena koroma\u010da, sladki koren, korenina angelike, bazilika, kamilica, prava krebuljica, koper, bezgov cvet, semena gr\u0161kega sena, ingver, brinove jagode, kopriva, origano, peter\u0161ilj, poprova meta, ro\u017emarin, \u017eajbelj, timijan)<\/td><\/tr><tr><td colspan=\"2\">8 razli\u010dnih vrst mikroorganizmov \u2013 povpre\u010dno 5 \u2013 10 milijard na 100 ml (B. Lactis, B. Longum, L. Acidophilus, L. Casei, L. Rhamnosus, L. Salivarius, Lc. Lactis, in S. Thermophilus)<\/td><\/tr><\/tbody><\/table><p>Neto vsebina: 500 ml, 1000 ml ali 3000 ml<\/p><h3>Priporo\u010dena uporaba<\/h3><p>VitaBioso lahko pijemo ve\u010dkrat na dan v odmerkih po 20-30 ml. Pred pitjem ve\u010dkrat obrnemo embala\u017eo, da se usedlina, ki vsebuje mikroorganizme, zme\u0161a z napitkom.<\/p><p>Pollitrsko in litrsko plastenko po odprtju hranimo v hladilniku. Trilitrsko pakiranje hranimo na sobni temperaturi tudi po odprtju.<\/p>\t\t\t\t\t\t\t\t<\/div>\n\t\t\t\t<\/div>\n\t\t\t\t\t<\/div>\n\t\t\t\t<\/div>\n\t\t\t\t<\/div>","protected":false},"excerpt":{"rendered":"<p><strong>Neto koli\u010dina:<\/strong> 1,0 L<\/p>","protected":false},"featured_media":733,"comment_status":"open","ping_status":"closed","template":"","meta":{"inline_featured_image":false},"product_cat":[18],"product_tag":[],"class_list":{"0":"post-732","1":"product","2":"type-product","3":"status-publish","4":"has-post-thumbnail","6":"product_cat-uncategorized","8":"first","9":"instock","10":"shipping-taxable","11":"purchasable","12":"product-type-simple"},"yoast_head":"<!-- This site is optimized with the Yoast SEO plugin v25.1 - https:\/\/yoast.com\/wordpress\/plugins\/seo\/ -->\n<title>Vita Biosa (1,0L) \u2013 BIO napitek - In Vita Studio<\/title>\n<meta name=\"robots\" content=\"index, follow, max-snippet:-1, max-image-preview:large, max-video-preview:-1\" \/>\n<link rel=\"canonical\" href=\"https:\/\/invitastudio.si\/it\/prodotto\/vita-biosa-10l-bio-napitek\/\" \/>\n<meta property=\"og:locale\" content=\"it_IT\" \/>\n<meta property=\"og:type\" content=\"article\" \/>\n<meta property=\"og:title\" content=\"Vita Biosa (1,0L) \u2013 BIO napitek - In Vita Studio\" \/>\n<meta property=\"og:description\" content=\"Neto koli\u010dina: 1,0 L\" \/>\n<meta property=\"og:url\" content=\"https:\/\/invitastudio.si\/it\/prodotto\/vita-biosa-10l-bio-napitek\/\" \/>\n<meta property=\"og:site_name\" content=\"In Vita Studio\" \/>\n<meta property=\"article:modified_time\" content=\"2026-05-05T07:31:39+00:00\" \/>\n<meta property=\"og:image\" content=\"https:\/\/invitastudio.si\/wp-content\/uploads\/2025\/01\/Vita-Biosa-1000-ml.jpg\" \/>\n\t<meta property=\"og:image:width\" content=\"992\" \/>\n\t<meta property=\"og:image:height\" content=\"992\" \/>\n\t<meta property=\"og:image:type\" content=\"image\/jpeg\" \/>\n<meta name=\"twitter:card\" content=\"summary_large_image\" \/>\n<script type=\"application\/ld+json\" class=\"yoast-schema-graph\">{\"@context\":\"https:\/\/schema.org\",\"@graph\":[{\"@type\":\"WebPage\",\"@id\":\"https:\/\/invitastudio.si\/izdelek\/vita-biosa-10l-bio-napitek\/\",\"url\":\"https:\/\/invitastudio.si\/izdelek\/vita-biosa-10l-bio-napitek\/\",\"name\":\"Vita Biosa (1,0L) \u2013 BIO napitek - In Vita Studio\",\"isPartOf\":{\"@id\":\"https:\/\/invitastudio.si\/#website\"},\"primaryImageOfPage\":{\"@id\":\"https:\/\/invitastudio.si\/izdelek\/vita-biosa-10l-bio-napitek\/#primaryimage\"},\"image\":{\"@id\":\"https:\/\/invitastudio.si\/izdelek\/vita-biosa-10l-bio-napitek\/#primaryimage\"},\"thumbnailUrl\":\"https:\/\/invitastudio.si\/wp-content\/uploads\/2025\/01\/Vita-Biosa-1000-ml.jpg\",\"datePublished\":\"2025-01-19T10:35:07+00:00\",\"dateModified\":\"2026-05-05T07:31:39+00:00\",\"breadcrumb\":{\"@id\":\"https:\/\/invitastudio.si\/izdelek\/vita-biosa-10l-bio-napitek\/#breadcrumb\"},\"inLanguage\":\"it-IT\",\"potentialAction\":[{\"@type\":\"ReadAction\",\"target\":[\"https:\/\/invitastudio.si\/izdelek\/vita-biosa-10l-bio-napitek\/\"]}]},{\"@type\":\"ImageObject\",\"inLanguage\":\"it-IT\",\"@id\":\"https:\/\/invitastudio.si\/izdelek\/vita-biosa-10l-bio-napitek\/#primaryimage\",\"url\":\"https:\/\/invitastudio.si\/wp-content\/uploads\/2025\/01\/Vita-Biosa-1000-ml.jpg\",\"contentUrl\":\"https:\/\/invitastudio.si\/wp-content\/uploads\/2025\/01\/Vita-Biosa-1000-ml.jpg\",\"width\":992,\"height\":992},{\"@type\":\"BreadcrumbList\",\"@id\":\"https:\/\/invitastudio.si\/izdelek\/vita-biosa-10l-bio-napitek\/#breadcrumb\",\"itemListElement\":[{\"@type\":\"ListItem\",\"position\":1,\"name\":\"Home\",\"item\":\"https:\/\/invitastudio.si\/\"},{\"@type\":\"ListItem\",\"position\":2,\"name\":\"Trgovina\",\"item\":\"https:\/\/invitastudio.si\/trgovina\/\"},{\"@type\":\"ListItem\",\"position\":3,\"name\":\"Vita Biosa (1,0L) \u2013 BIO napitek\"}]},{\"@type\":\"WebSite\",\"@id\":\"https:\/\/invitastudio.si\/#website\",\"url\":\"https:\/\/invitastudio.si\/\",\"name\":\"In Vita Studio\",\"description\":\"\",\"potentialAction\":[{\"@type\":\"SearchAction\",\"target\":{\"@type\":\"EntryPoint\",\"urlTemplate\":\"https:\/\/invitastudio.si\/?s={search_term_string}\"},\"query-input\":{\"@type\":\"PropertyValueSpecification\",\"valueRequired\":true,\"valueName\":\"search_term_string\"}}],\"inLanguage\":\"it-IT\"}]}<\/script>\n<!-- \/ Yoast SEO plugin. -->","yoast_head_json":{"title":"Vita Biosa (1,0L) \u2013 BIO napitek - In Vita Studio","robots":{"index":"index","follow":"follow","max-snippet":"max-snippet:-1","max-image-preview":"max-image-preview:large","max-video-preview":"max-video-preview:-1"},"canonical":"https:\/\/invitastudio.si\/it\/prodotto\/vita-biosa-10l-bio-napitek\/","og_locale":"it_IT","og_type":"article","og_title":"Vita Biosa (1,0L) \u2013 BIO napitek - In Vita Studio","og_description":"Neto koli\u010dina: 1,0 L","og_url":"https:\/\/invitastudio.si\/it\/prodotto\/vita-biosa-10l-bio-napitek\/","og_site_name":"In Vita Studio","article_modified_time":"2026-05-05T07:31:39+00:00","og_image":[{"width":992,"height":992,"url":"https:\/\/invitastudio.si\/wp-content\/uploads\/2025\/01\/Vita-Biosa-1000-ml.jpg","type":"image\/jpeg"}],"twitter_card":"summary_large_image","schema":{"@context":"https:\/\/schema.org","@graph":[{"@type":"WebPage","@id":"https:\/\/invitastudio.si\/izdelek\/vita-biosa-10l-bio-napitek\/","url":"https:\/\/invitastudio.si\/izdelek\/vita-biosa-10l-bio-napitek\/","name":"Vita Biosa (1,0L) \u2013 BIO napitek - In Vita Studio","isPartOf":{"@id":"https:\/\/invitastudio.si\/#website"},"primaryImageOfPage":{"@id":"https:\/\/invitastudio.si\/izdelek\/vita-biosa-10l-bio-napitek\/#primaryimage"},"image":{"@id":"https:\/\/invitastudio.si\/izdelek\/vita-biosa-10l-bio-napitek\/#primaryimage"},"thumbnailUrl":"https:\/\/invitastudio.si\/wp-content\/uploads\/2025\/01\/Vita-Biosa-1000-ml.jpg","datePublished":"2025-01-19T10:35:07+00:00","dateModified":"2026-05-05T07:31:39+00:00","breadcrumb":{"@id":"https:\/\/invitastudio.si\/izdelek\/vita-biosa-10l-bio-napitek\/#breadcrumb"},"inLanguage":"it-IT","potentialAction":[{"@type":"ReadAction","target":["https:\/\/invitastudio.si\/izdelek\/vita-biosa-10l-bio-napitek\/"]}]},{"@type":"ImageObject","inLanguage":"it-IT","@id":"https:\/\/invitastudio.si\/izdelek\/vita-biosa-10l-bio-napitek\/#primaryimage","url":"https:\/\/invitastudio.si\/wp-content\/uploads\/2025\/01\/Vita-Biosa-1000-ml.jpg","contentUrl":"https:\/\/invitastudio.si\/wp-content\/uploads\/2025\/01\/Vita-Biosa-1000-ml.jpg","width":992,"height":992},{"@type":"BreadcrumbList","@id":"https:\/\/invitastudio.si\/izdelek\/vita-biosa-10l-bio-napitek\/#breadcrumb","itemListElement":[{"@type":"ListItem","position":1,"name":"Home","item":"https:\/\/invitastudio.si\/"},{"@type":"ListItem","position":2,"name":"Trgovina","item":"https:\/\/invitastudio.si\/trgovina\/"},{"@type":"ListItem","position":3,"name":"Vita Biosa (1,0L) \u2013 BIO napitek"}]},{"@type":"WebSite","@id":"https:\/\/invitastudio.si\/#website","url":"https:\/\/invitastudio.si\/","name":"In Vita Studio","description":"","potentialAction":[{"@type":"SearchAction","target":{"@type":"EntryPoint","urlTemplate":"https:\/\/invitastudio.si\/?s={search_term_string}"},"query-input":{"@type":"PropertyValueSpecification","valueRequired":true,"valueName":"search_term_string"}}],"inLanguage":"it-IT"}]}},"jetpack_sharing_enabled":true,"_links":{"self":[{"href":"https:\/\/invitastudio.si\/it\/wp-json\/wp\/v2\/product\/732","targetHints":{"allow":["GET"]}}],"collection":[{"href":"https:\/\/invitastudio.si\/it\/wp-json\/wp\/v2\/product"}],"about":[{"href":"https:\/\/invitastudio.si\/it\/wp-json\/wp\/v2\/types\/product"}],"replies":[{"embeddable":true,"href":"https:\/\/invitastudio.si\/it\/wp-json\/wp\/v2\/comments?post=732"}],"version-history":[{"count":4,"href":"https:\/\/invitastudio.si\/it\/wp-json\/wp\/v2\/product\/732\/revisions"}],"predecessor-version":[{"id":737,"href":"https:\/\/invitastudio.si\/it\/wp-json\/wp\/v2\/product\/732\/revisions\/737"}],"wp:featuredmedia":[{"embeddable":true,"href":"https:\/\/invitastudio.si\/it\/wp-json\/wp\/v2\/media\/733"}],"wp:attachment":[{"href":"https:\/\/invitastudio.si\/it\/wp-json\/wp\/v2\/media?parent=732"}],"wp:term":[{"taxonomy":"product_cat","embeddable":true,"href":"https:\/\/invitastudio.si\/it\/wp-json\/wp\/v2\/product_cat?post=732"},{"taxonomy":"product_tag","embeddable":true,"href":"https:\/\/invitastudio.si\/it\/wp-json\/wp\/v2\/product_tag?post=732"}],"curies":[{"name":"wp","href":"https:\/\/api.w.org\/{rel}","templated":true}]}}