{"id":879,"date":"2025-02-01T13:06:27","date_gmt":"2025-02-01T13:06:27","guid":{"rendered":"https:\/\/invitastudio.si\/?page_id=879"},"modified":"2026-05-11T13:39:58","modified_gmt":"2026-05-11T13:39:58","slug":"kosarica","status":"publish","type":"page","link":"https:\/\/invitastudio.si\/it\/kosarica\/","title":{"rendered":"Ko\u0161arica"},"content":{"rendered":"<div data-elementor-type=\"wp-page\" data-elementor-id=\"879\" class=\"elementor elementor-879\" data-elementor-post-type=\"page\">\n\t\t\t\t<div class=\"elementor-element elementor-element-2fd12e8 e-con-full e-flex e-con e-parent\" data-id=\"2fd12e8\" data-element_type=\"container\" data-e-type=\"container\">\n\t\t<div class=\"elementor-element elementor-element-75d5f41 e-con-full e-flex e-con e-child\" data-id=\"75d5f41\" data-element_type=\"container\" data-e-type=\"container\">\n\t\t\t\t<\/div>\n\t\t\t\t<\/div>\n\t\t\t\t<\/div>","protected":false},"excerpt":{"rendered":"<p>Odstrani predmet Predogledna sli\u010dica Izdelek Cena Koli\u010dina Delni znesek &times; Fermentix prebiotik z mle\u010dnimi fermenti in vitamini za odrasle 21,99&nbsp;&euro; Fermentix prebiotik z mle\u010dnimi fermenti in vitamini za odrasle koli\u010dina 21,99&nbsp;&euro; &times; Fermentix raven trebuh in napihnjenost 14,99&nbsp;&euro; Fermentix raven trebuh in napihnjenost koli\u010dina 14,99&nbsp;&euro; &times; pH listi\u010di \u2013 Indikator za merjenje pH 9,99&nbsp;&euro; pH [&hellip;]<\/p>\n","protected":false},"author":2,"featured_media":0,"parent":0,"menu_order":0,"comment_status":"closed","ping_status":"closed","template":"elementor_header_footer","meta":{"inline_featured_image":false,"footnotes":""},"class_list":["post-879","page","type-page","status-publish","hentry"],"yoast_head":"<!-- This site is optimized with the Yoast SEO plugin v25.1 - https:\/\/yoast.com\/wordpress\/plugins\/seo\/ -->\n<title>Ko\u0161arica - In Vita Studio<\/title>\n<meta name=\"robots\" content=\"index, follow, max-snippet:-1, max-image-preview:large, max-video-preview:-1\" \/>\n<link rel=\"canonical\" href=\"https:\/\/invitastudio.si\/it\/kosarica\/\" \/>\n<meta property=\"og:locale\" content=\"it_IT\" \/>\n<meta property=\"og:type\" content=\"article\" \/>\n<meta property=\"og:title\" content=\"Ko\u0161arica - In Vita Studio\" \/>\n<meta property=\"og:description\" content=\"Odstrani predmet Predogledna sli\u010dica Izdelek Cena Koli\u010dina Delni znesek &times; Fermentix prebiotik z mle\u010dnimi fermenti in vitamini za odrasle 21,99&nbsp;&euro; Fermentix prebiotik z mle\u010dnimi fermenti in vitamini za odrasle koli\u010dina 21,99&nbsp;&euro; &times; Fermentix raven trebuh in napihnjenost 14,99&nbsp;&euro; Fermentix raven trebuh in napihnjenost koli\u010dina 14,99&nbsp;&euro; &times; pH listi\u010di \u2013 Indikator za merjenje pH 9,99&nbsp;&euro; pH [&hellip;]\" \/>\n<meta property=\"og:url\" content=\"https:\/\/invitastudio.si\/it\/kosarica\/\" \/>\n<meta property=\"og:site_name\" content=\"In Vita Studio\" \/>\n<meta property=\"article:modified_time\" content=\"2026-05-11T13:39:58+00:00\" \/>\n<meta property=\"og:image\" content=\"https:\/\/invitastudio.si\/wp-content\/uploads\/2025\/01\/Fermentix-za-odrasle-12-flask-1000x890-1-300x300.jpg\" \/>\n<meta name=\"twitter:card\" content=\"summary_large_image\" \/>\n<meta name=\"twitter:label1\" content=\"Tempo di lettura stimato\" \/>\n\t<meta name=\"twitter:data1\" content=\"3 minuti\" \/>\n<script type=\"application\/ld+json\" class=\"yoast-schema-graph\">{\"@context\":\"https:\/\/schema.org\",\"@graph\":[{\"@type\":\"WebPage\",\"@id\":\"https:\/\/invitastudio.si\/kosarica\/\",\"url\":\"https:\/\/invitastudio.si\/kosarica\/\",\"name\":\"Ko\u0161arica - In Vita Studio\",\"isPartOf\":{\"@id\":\"https:\/\/invitastudio.si\/#website\"},\"primaryImageOfPage\":{\"@id\":\"https:\/\/invitastudio.si\/kosarica\/#primaryimage\"},\"image\":{\"@id\":\"https:\/\/invitastudio.si\/kosarica\/#primaryimage\"},\"thumbnailUrl\":\"https:\/\/invitastudio.si\/wp-content\/uploads\/2025\/01\/Fermentix-za-odrasle-12-flask-1000x890-1-300x300.jpg\",\"datePublished\":\"2025-02-01T13:06:27+00:00\",\"dateModified\":\"2026-05-11T13:39:58+00:00\",\"breadcrumb\":{\"@id\":\"https:\/\/invitastudio.si\/kosarica\/#breadcrumb\"},\"inLanguage\":\"it-IT\",\"potentialAction\":[{\"@type\":\"ReadAction\",\"target\":[\"https:\/\/invitastudio.si\/kosarica\/\"]}]},{\"@type\":\"ImageObject\",\"inLanguage\":\"it-IT\",\"@id\":\"https:\/\/invitastudio.si\/kosarica\/#primaryimage\",\"url\":\"https:\/\/invitastudio.si\/wp-content\/uploads\/2025\/01\/Fermentix-za-odrasle-12-flask-1000x890-1-300x300.jpg\",\"contentUrl\":\"https:\/\/invitastudio.si\/wp-content\/uploads\/2025\/01\/Fermentix-za-odrasle-12-flask-1000x890-1-300x300.jpg\"},{\"@type\":\"BreadcrumbList\",\"@id\":\"https:\/\/invitastudio.si\/kosarica\/#breadcrumb\",\"itemListElement\":[{\"@type\":\"ListItem\",\"position\":1,\"name\":\"Home\",\"item\":\"https:\/\/invitastudio.si\/\"},{\"@type\":\"ListItem\",\"position\":2,\"name\":\"Ko\u0161arica\"}]},{\"@type\":\"WebSite\",\"@id\":\"https:\/\/invitastudio.si\/#website\",\"url\":\"https:\/\/invitastudio.si\/\",\"name\":\"In Vita Studio\",\"description\":\"\",\"potentialAction\":[{\"@type\":\"SearchAction\",\"target\":{\"@type\":\"EntryPoint\",\"urlTemplate\":\"https:\/\/invitastudio.si\/?s={search_term_string}\"},\"query-input\":{\"@type\":\"PropertyValueSpecification\",\"valueRequired\":true,\"valueName\":\"search_term_string\"}}],\"inLanguage\":\"it-IT\"}]}<\/script>\n<!-- \/ Yoast SEO plugin. -->","yoast_head_json":{"title":"Ko\u0161arica - In Vita Studio","robots":{"index":"index","follow":"follow","max-snippet":"max-snippet:-1","max-image-preview":"max-image-preview:large","max-video-preview":"max-video-preview:-1"},"canonical":"https:\/\/invitastudio.si\/it\/kosarica\/","og_locale":"it_IT","og_type":"article","og_title":"Ko\u0161arica - In Vita Studio","og_description":"Odstrani predmet Predogledna sli\u010dica Izdelek Cena Koli\u010dina Delni znesek &times; Fermentix prebiotik z mle\u010dnimi fermenti in vitamini za odrasle 21,99&nbsp;&euro; Fermentix prebiotik z mle\u010dnimi fermenti in vitamini za odrasle koli\u010dina 21,99&nbsp;&euro; &times; Fermentix raven trebuh in napihnjenost 14,99&nbsp;&euro; Fermentix raven trebuh in napihnjenost koli\u010dina 14,99&nbsp;&euro; &times; pH listi\u010di \u2013 Indikator za merjenje pH 9,99&nbsp;&euro; pH [&hellip;]","og_url":"https:\/\/invitastudio.si\/it\/kosarica\/","og_site_name":"In Vita Studio","article_modified_time":"2026-05-11T13:39:58+00:00","og_image":[{"url":"https:\/\/invitastudio.si\/wp-content\/uploads\/2025\/01\/Fermentix-za-odrasle-12-flask-1000x890-1-300x300.jpg","type":"","width":"","height":""}],"twitter_card":"summary_large_image","twitter_misc":{"Tempo di lettura stimato":"3 minuti"},"schema":{"@context":"https:\/\/schema.org","@graph":[{"@type":"WebPage","@id":"https:\/\/invitastudio.si\/kosarica\/","url":"https:\/\/invitastudio.si\/kosarica\/","name":"Ko\u0161arica - In Vita Studio","isPartOf":{"@id":"https:\/\/invitastudio.si\/#website"},"primaryImageOfPage":{"@id":"https:\/\/invitastudio.si\/kosarica\/#primaryimage"},"image":{"@id":"https:\/\/invitastudio.si\/kosarica\/#primaryimage"},"thumbnailUrl":"https:\/\/invitastudio.si\/wp-content\/uploads\/2025\/01\/Fermentix-za-odrasle-12-flask-1000x890-1-300x300.jpg","datePublished":"2025-02-01T13:06:27+00:00","dateModified":"2026-05-11T13:39:58+00:00","breadcrumb":{"@id":"https:\/\/invitastudio.si\/kosarica\/#breadcrumb"},"inLanguage":"it-IT","potentialAction":[{"@type":"ReadAction","target":["https:\/\/invitastudio.si\/kosarica\/"]}]},{"@type":"ImageObject","inLanguage":"it-IT","@id":"https:\/\/invitastudio.si\/kosarica\/#primaryimage","url":"https:\/\/invitastudio.si\/wp-content\/uploads\/2025\/01\/Fermentix-za-odrasle-12-flask-1000x890-1-300x300.jpg","contentUrl":"https:\/\/invitastudio.si\/wp-content\/uploads\/2025\/01\/Fermentix-za-odrasle-12-flask-1000x890-1-300x300.jpg"},{"@type":"BreadcrumbList","@id":"https:\/\/invitastudio.si\/kosarica\/#breadcrumb","itemListElement":[{"@type":"ListItem","position":1,"name":"Home","item":"https:\/\/invitastudio.si\/"},{"@type":"ListItem","position":2,"name":"Ko\u0161arica"}]},{"@type":"WebSite","@id":"https:\/\/invitastudio.si\/#website","url":"https:\/\/invitastudio.si\/","name":"In Vita Studio","description":"","potentialAction":[{"@type":"SearchAction","target":{"@type":"EntryPoint","urlTemplate":"https:\/\/invitastudio.si\/?s={search_term_string}"},"query-input":{"@type":"PropertyValueSpecification","valueRequired":true,"valueName":"search_term_string"}}],"inLanguage":"it-IT"}]}},"jetpack_sharing_enabled":true,"_links":{"self":[{"href":"https:\/\/invitastudio.si\/it\/wp-json\/wp\/v2\/pages\/879","targetHints":{"allow":["GET"]}}],"collection":[{"href":"https:\/\/invitastudio.si\/it\/wp-json\/wp\/v2\/pages"}],"about":[{"href":"https:\/\/invitastudio.si\/it\/wp-json\/wp\/v2\/types\/page"}],"author":[{"embeddable":true,"href":"https:\/\/invitastudio.si\/it\/wp-json\/wp\/v2\/users\/2"}],"replies":[{"embeddable":true,"href":"https:\/\/invitastudio.si\/it\/wp-json\/wp\/v2\/comments?post=879"}],"version-history":[{"count":10,"href":"https:\/\/invitastudio.si\/it\/wp-json\/wp\/v2\/pages\/879\/revisions"}],"predecessor-version":[{"id":1374,"href":"https:\/\/invitastudio.si\/it\/wp-json\/wp\/v2\/pages\/879\/revisions\/1374"}],"wp:attachment":[{"href":"https:\/\/invitastudio.si\/it\/wp-json\/wp\/v2\/media?parent=879"}],"curies":[{"name":"wp","href":"https:\/\/api.w.org\/{rel}","templated":true}]}}