{"id":111,"date":"2024-02-18T13:36:48","date_gmt":"2024-02-18T13:36:48","guid":{"rendered":"https:\/\/invitastudio.si\/?page_id=111"},"modified":"2026-05-11T12:12:38","modified_gmt":"2026-05-11T12:12:38","slug":"omeni","status":"publish","type":"page","link":"https:\/\/invitastudio.si\/it\/omeni\/","title":{"rendered":"Su di me"},"content":{"rendered":"<div data-elementor-type=\"wp-page\" data-elementor-id=\"111\" class=\"elementor elementor-111\" data-elementor-post-type=\"page\">\n\t\t\t\t<div class=\"elementor-element elementor-element-a6df945 e-flex e-con-boxed e-con e-parent\" data-id=\"a6df945\" data-element_type=\"container\" data-e-type=\"container\">\n\t\t\t\t\t<div class=\"e-con-inner\">\n\t\t<div class=\"elementor-element elementor-element-e7ef5f8 e-con-full e-flex e-con e-child\" data-id=\"e7ef5f8\" data-element_type=\"container\" data-e-type=\"container\">\n\t\t\t\t<div class=\"elementor-element elementor-element-6f4be4e elementor-widget elementor-widget-heading\" data-id=\"6f4be4e\" data-element_type=\"widget\" data-e-type=\"widget\" data-widget_type=\"heading.default\">\n\t\t\t\t<div class=\"elementor-widget-container\">\n\t\t\t\t\t<h2 class=\"elementor-heading-title elementor-size-default\">Chi sono - Chi \u00e8 Ur\u0161ka <\/h2>\t\t\t\t<\/div>\n\t\t\t\t<\/div>\n\t\t\t\t<\/div>\n\t\t<div class=\"elementor-element elementor-element-5f1550c e-con-full e-flex e-con e-child\" data-id=\"5f1550c\" data-element_type=\"container\" data-e-type=\"container\">\n\t\t<div class=\"elementor-element elementor-element-b033c22 e-con-full e-flex e-con e-child\" data-id=\"b033c22\" data-element_type=\"container\" data-e-type=\"container\">\n\t\t\t\t<div class=\"elementor-element elementor-element-fe84d53 elementor-widget elementor-widget-image\" data-id=\"fe84d53\" data-element_type=\"widget\" data-e-type=\"widget\" data-widget_type=\"image.default\">\n\t\t\t\t<div class=\"elementor-widget-container\">\n\t\t\t\t\t\t\t\t\t\t\t\t\t\t\t<img fetchpriority=\"high\" decoding=\"async\" width=\"800\" height=\"800\" src=\"https:\/\/invitastudio.si\/wp-content\/uploads\/2026\/05\/ChatGPT-Image-7.-maj-2026-12_30_49.png\" class=\"attachment-large size-large wp-image-1261\" alt=\"\" srcset=\"https:\/\/invitastudio.si\/wp-content\/uploads\/2026\/05\/ChatGPT-Image-7.-maj-2026-12_30_49.png 1024w, https:\/\/invitastudio.si\/wp-content\/uploads\/2026\/05\/ChatGPT-Image-7.-maj-2026-12_30_49-300x300.png 300w, https:\/\/invitastudio.si\/wp-content\/uploads\/2026\/05\/ChatGPT-Image-7.-maj-2026-12_30_49-150x150.png 150w, https:\/\/invitastudio.si\/wp-content\/uploads\/2026\/05\/ChatGPT-Image-7.-maj-2026-12_30_49-768x768.png 768w, https:\/\/invitastudio.si\/wp-content\/uploads\/2026\/05\/ChatGPT-Image-7.-maj-2026-12_30_49-12x12.png 12w, https:\/\/invitastudio.si\/wp-content\/uploads\/2026\/05\/ChatGPT-Image-7.-maj-2026-12_30_49-600x600.png 600w, https:\/\/invitastudio.si\/wp-content\/uploads\/2026\/05\/ChatGPT-Image-7.-maj-2026-12_30_49-100x100.png 100w\" sizes=\"(max-width: 800px) 100vw, 800px\" \/>\t\t\t\t\t\t\t\t\t\t\t\t\t\t\t<\/div>\n\t\t\t\t<\/div>\n\t\t\t\t<\/div>\n\t\t<div class=\"elementor-element elementor-element-c99dfb8 e-con-full e-flex e-con e-child\" data-id=\"c99dfb8\" data-element_type=\"container\" data-e-type=\"container\">\n\t\t\t\t<div class=\"elementor-element elementor-element-bf93b81 elementor-widget elementor-widget-text-editor\" data-id=\"bf93b81\" data-element_type=\"widget\" data-e-type=\"widget\" data-widget_type=\"text-editor.default\">\n\t\t\t\t<div class=\"elementor-widget-container\">\n\t\t\t\t\t\t\t\t\t<p>Mi \u00e8 stato diagnosticato un tumore al seno. In quel momento, il mio mondo \u00e8 crollato all\u2019improvviso, completamente. Ho dovuto riorganizzare la mia vita e cercare di trovare una risposta alle mille domande che mi affollavano la mente.<\/p><p>Ho seguito le indicazioni dell'oncologa, ma in seguito si \u00e8 rivelato che la terapia era molto aggressiva: ho subito numerosi cicli di chemioterapia e radioterapia e sono stata operata.<\/p><p>A sei mesi dalla conclusione della terapia contro il cancro al seno, si \u00e8 manifestata una leucemia.<br \/>\u0160ok in nerazumevanje sta bila nepopisna.<\/p><p>Il colpo \u00e8 stato ancora pi\u00f9 duro, perch\u00e9 proprio quando ho iniziato le cure all'UKC di Lubiana \u00e8 venuto a mancare il mio amato pap\u00e0, a cui ero estremamente affezionata.<\/p><p>Cercavo disperatamente delle risposte. Passavo da un esperto all\u2019altro: ognuno con il proprio punto di vista, ognuno con la propria interpretazione.<\/p><p>\u00c8 vero per\u00f2 che lungo questo percorso ho acquisito delle conoscenze. Ho preso ci\u00f2 che funzionava.<br \/>Tisto, kar mi je dejansko pomagalo, da sem prebrodila obdobje bolezni in iz njega stopila druga\u010dna \u2013 mo\u010dnej\u0161a.<\/p>\t\t\t\t\t\t\t\t<\/div>\n\t\t\t\t<\/div>\n\t\t\t\t<\/div>\n\t\t\t\t<\/div>\n\t\t<div class=\"elementor-element elementor-element-b3ca96b e-con-full e-flex e-con e-child\" data-id=\"b3ca96b\" data-element_type=\"container\" data-e-type=\"container\">\n\t\t\t\t<div class=\"elementor-element elementor-element-b7a8449 elementor-widget elementor-widget-heading\" data-id=\"b7a8449\" data-element_type=\"widget\" data-e-type=\"widget\" data-widget_type=\"heading.default\">\n\t\t\t\t<div class=\"elementor-widget-container\">\n\t\t\t\t\t<h3 class=\"elementor-heading-title elementor-size-default\">UNA DECISIONE DECISIVA<\/h3>\t\t\t\t<\/div>\n\t\t\t\t<\/div>\n\t\t\t\t<div class=\"elementor-element elementor-element-ef939aa elementor-widget elementor-widget-text-editor\" data-id=\"ef939aa\" data-element_type=\"widget\" data-e-type=\"widget\" data-widget_type=\"text-editor.default\">\n\t\t\t\t<div class=\"elementor-widget-container\">\n\t\t\t\t\t\t\t\t\t<p>A quel punto ho deciso che non volevo pi\u00f9 cercare alla cieca.<br \/>Volevo capire.<\/p><p>Per questo motivo ho deciso di seguire una formazione professionale complementare nel campo dell'alimentazione e del funzionamento del corpo e ho approfondito le mie conoscenze anche con una formazione in materia di alimentazione nell'ambito di <strong><b>Stanford Medicine<\/b><\/strong><strong><b>\u00a0University<\/b><\/strong>.<\/p><p>Ho collegato le conoscenze acquisite alla mia esperienza personale di malattia e guarigione, e ho iniziato a capire cosa provoca effettivamente i cambiamenti nel corpo.<\/p>\t\t\t\t\t\t\t\t<\/div>\n\t\t\t\t<\/div>\n\t\t\t\t<\/div>\n\t\t<div class=\"elementor-element elementor-element-8d06dbe e-con-full e-flex e-con e-child\" data-id=\"8d06dbe\" data-element_type=\"container\" data-e-type=\"container\">\n\t\t\t\t<div class=\"elementor-element elementor-element-084c188 elementor-widget elementor-widget-heading\" data-id=\"084c188\" data-element_type=\"widget\" data-e-type=\"widget\" data-widget_type=\"heading.default\">\n\t\t\t\t<div class=\"elementor-widget-container\">\n\t\t\t\t\t<h3 class=\"elementor-heading-title elementor-size-default\">PERCH\u00c9 LO FACCIO<\/h3>\t\t\t\t<\/div>\n\t\t\t\t<\/div>\n\t\t\t\t<div class=\"elementor-element elementor-element-347f886 elementor-widget elementor-widget-text-editor\" data-id=\"347f886\" data-element_type=\"widget\" data-e-type=\"widget\" data-widget_type=\"text-editor.default\">\n\t\t\t\t<div class=\"elementor-widget-container\">\n\t\t\t\t\t\t\t\t\t<p>Le prove della vita mi hanno insegnato che la vita \u00e8 troppo breve per viverla tra i limiti.<\/p><p>Il mio percorso formativo \u00e8 variegato, poich\u00e9 mi concentro sulla comprensione del corpo, non solo sulla teoria.<\/p><p>Oggi lavoro con il cuore \u2013 e con un obiettivo ben preciso:<br \/>aiutare le persone a tornare a vivere una vita il pi\u00f9 possibile piena.<\/p>\t\t\t\t\t\t\t\t<\/div>\n\t\t\t\t<\/div>\n\t\t\t\t<\/div>\n\t\t\t\t\t<\/div>\n\t\t\t\t<\/div>\n\t\t\t\t<\/div>","protected":false},"excerpt":{"rendered":"<p>O meni &#8211; O Ur\u0161ki Zbolela sem za rakom prsi. Svet se mi je takrat nenadoma, popolnoma podrl. Potrebno je bilo prilagoditi \u017eivljenje na novo in posku\u0161ati najti odgovore na tiso\u010d vpra\u0161anj, ki so se mi takrat porajala v glavi. Sledila sem navodilom onkologinje, vendar se je kasneje izkazalo, da je bilo zdravljenje zelo agresivno [&hellip;]<\/p>\n","protected":false},"author":2,"featured_media":0,"parent":0,"menu_order":0,"comment_status":"closed","ping_status":"closed","template":"elementor_header_footer","meta":{"inline_featured_image":false,"footnotes":""},"class_list":["post-111","page","type-page","status-publish","hentry"],"yoast_head":"<!-- This site is optimized with the Yoast SEO plugin v25.1 - https:\/\/yoast.com\/wordpress\/plugins\/seo\/ -->\n<title>O meni - In Vita Studio<\/title>\n<meta name=\"robots\" content=\"index, follow, max-snippet:-1, max-image-preview:large, max-video-preview:-1\" \/>\n<link rel=\"canonical\" href=\"https:\/\/invitastudio.si\/it\/omeni\/\" \/>\n<meta property=\"og:locale\" content=\"it_IT\" \/>\n<meta property=\"og:type\" content=\"article\" \/>\n<meta property=\"og:title\" content=\"O meni - In Vita Studio\" \/>\n<meta property=\"og:description\" content=\"O meni &#8211; O Ur\u0161ki Zbolela sem za rakom prsi. Svet se mi je takrat nenadoma, popolnoma podrl. Potrebno je bilo prilagoditi \u017eivljenje na novo in posku\u0161ati najti odgovore na tiso\u010d vpra\u0161anj, ki so se mi takrat porajala v glavi. Sledila sem navodilom onkologinje, vendar se je kasneje izkazalo, da je bilo zdravljenje zelo agresivno [&hellip;]\" \/>\n<meta property=\"og:url\" content=\"https:\/\/invitastudio.si\/it\/omeni\/\" \/>\n<meta property=\"og:site_name\" content=\"In Vita Studio\" \/>\n<meta property=\"article:modified_time\" content=\"2026-05-11T12:12:38+00:00\" \/>\n<meta property=\"og:image\" content=\"https:\/\/invitastudio.si\/wp-content\/uploads\/2026\/05\/ChatGPT-Image-7.-maj-2026-12_30_49.png\" \/>\n<meta name=\"twitter:card\" content=\"summary_large_image\" \/>\n<meta name=\"twitter:label1\" content=\"Tempo di lettura stimato\" \/>\n\t<meta name=\"twitter:data1\" content=\"2 minuti\" \/>\n<script type=\"application\/ld+json\" class=\"yoast-schema-graph\">{\"@context\":\"https:\/\/schema.org\",\"@graph\":[{\"@type\":\"WebPage\",\"@id\":\"https:\/\/invitastudio.si\/omeni\/\",\"url\":\"https:\/\/invitastudio.si\/omeni\/\",\"name\":\"O meni - In Vita Studio\",\"isPartOf\":{\"@id\":\"https:\/\/invitastudio.si\/#website\"},\"primaryImageOfPage\":{\"@id\":\"https:\/\/invitastudio.si\/omeni\/#primaryimage\"},\"image\":{\"@id\":\"https:\/\/invitastudio.si\/omeni\/#primaryimage\"},\"thumbnailUrl\":\"https:\/\/invitastudio.si\/wp-content\/uploads\/2026\/05\/ChatGPT-Image-7.-maj-2026-12_30_49.png\",\"datePublished\":\"2024-02-18T13:36:48+00:00\",\"dateModified\":\"2026-05-11T12:12:38+00:00\",\"breadcrumb\":{\"@id\":\"https:\/\/invitastudio.si\/omeni\/#breadcrumb\"},\"inLanguage\":\"it-IT\",\"potentialAction\":[{\"@type\":\"ReadAction\",\"target\":[\"https:\/\/invitastudio.si\/omeni\/\"]}]},{\"@type\":\"ImageObject\",\"inLanguage\":\"it-IT\",\"@id\":\"https:\/\/invitastudio.si\/omeni\/#primaryimage\",\"url\":\"https:\/\/invitastudio.si\/wp-content\/uploads\/2026\/05\/ChatGPT-Image-7.-maj-2026-12_30_49.png\",\"contentUrl\":\"https:\/\/invitastudio.si\/wp-content\/uploads\/2026\/05\/ChatGPT-Image-7.-maj-2026-12_30_49.png\"},{\"@type\":\"BreadcrumbList\",\"@id\":\"https:\/\/invitastudio.si\/omeni\/#breadcrumb\",\"itemListElement\":[{\"@type\":\"ListItem\",\"position\":1,\"name\":\"Home\",\"item\":\"https:\/\/invitastudio.si\/\"},{\"@type\":\"ListItem\",\"position\":2,\"name\":\"O meni\"}]},{\"@type\":\"WebSite\",\"@id\":\"https:\/\/invitastudio.si\/#website\",\"url\":\"https:\/\/invitastudio.si\/\",\"name\":\"In Vita Studio\",\"description\":\"\",\"potentialAction\":[{\"@type\":\"SearchAction\",\"target\":{\"@type\":\"EntryPoint\",\"urlTemplate\":\"https:\/\/invitastudio.si\/?s={search_term_string}\"},\"query-input\":{\"@type\":\"PropertyValueSpecification\",\"valueRequired\":true,\"valueName\":\"search_term_string\"}}],\"inLanguage\":\"it-IT\"}]}<\/script>\n<!-- \/ Yoast SEO plugin. -->","yoast_head_json":{"title":"O meni - In Vita Studio","robots":{"index":"index","follow":"follow","max-snippet":"max-snippet:-1","max-image-preview":"max-image-preview:large","max-video-preview":"max-video-preview:-1"},"canonical":"https:\/\/invitastudio.si\/it\/omeni\/","og_locale":"it_IT","og_type":"article","og_title":"O meni - In Vita Studio","og_description":"O meni &#8211; O Ur\u0161ki Zbolela sem za rakom prsi. Svet se mi je takrat nenadoma, popolnoma podrl. Potrebno je bilo prilagoditi \u017eivljenje na novo in posku\u0161ati najti odgovore na tiso\u010d vpra\u0161anj, ki so se mi takrat porajala v glavi. Sledila sem navodilom onkologinje, vendar se je kasneje izkazalo, da je bilo zdravljenje zelo agresivno [&hellip;]","og_url":"https:\/\/invitastudio.si\/it\/omeni\/","og_site_name":"In Vita Studio","article_modified_time":"2026-05-11T12:12:38+00:00","og_image":[{"url":"https:\/\/invitastudio.si\/wp-content\/uploads\/2026\/05\/ChatGPT-Image-7.-maj-2026-12_30_49.png","type":"","width":"","height":""}],"twitter_card":"summary_large_image","twitter_misc":{"Tempo di lettura stimato":"2 minuti"},"schema":{"@context":"https:\/\/schema.org","@graph":[{"@type":"WebPage","@id":"https:\/\/invitastudio.si\/omeni\/","url":"https:\/\/invitastudio.si\/omeni\/","name":"O meni - In Vita Studio","isPartOf":{"@id":"https:\/\/invitastudio.si\/#website"},"primaryImageOfPage":{"@id":"https:\/\/invitastudio.si\/omeni\/#primaryimage"},"image":{"@id":"https:\/\/invitastudio.si\/omeni\/#primaryimage"},"thumbnailUrl":"https:\/\/invitastudio.si\/wp-content\/uploads\/2026\/05\/ChatGPT-Image-7.-maj-2026-12_30_49.png","datePublished":"2024-02-18T13:36:48+00:00","dateModified":"2026-05-11T12:12:38+00:00","breadcrumb":{"@id":"https:\/\/invitastudio.si\/omeni\/#breadcrumb"},"inLanguage":"it-IT","potentialAction":[{"@type":"ReadAction","target":["https:\/\/invitastudio.si\/omeni\/"]}]},{"@type":"ImageObject","inLanguage":"it-IT","@id":"https:\/\/invitastudio.si\/omeni\/#primaryimage","url":"https:\/\/invitastudio.si\/wp-content\/uploads\/2026\/05\/ChatGPT-Image-7.-maj-2026-12_30_49.png","contentUrl":"https:\/\/invitastudio.si\/wp-content\/uploads\/2026\/05\/ChatGPT-Image-7.-maj-2026-12_30_49.png"},{"@type":"BreadcrumbList","@id":"https:\/\/invitastudio.si\/omeni\/#breadcrumb","itemListElement":[{"@type":"ListItem","position":1,"name":"Home","item":"https:\/\/invitastudio.si\/"},{"@type":"ListItem","position":2,"name":"O meni"}]},{"@type":"WebSite","@id":"https:\/\/invitastudio.si\/#website","url":"https:\/\/invitastudio.si\/","name":"In Vita Studio","description":"","potentialAction":[{"@type":"SearchAction","target":{"@type":"EntryPoint","urlTemplate":"https:\/\/invitastudio.si\/?s={search_term_string}"},"query-input":{"@type":"PropertyValueSpecification","valueRequired":true,"valueName":"search_term_string"}}],"inLanguage":"it-IT"}]}},"jetpack_sharing_enabled":true,"_links":{"self":[{"href":"https:\/\/invitastudio.si\/it\/wp-json\/wp\/v2\/pages\/111","targetHints":{"allow":["GET"]}}],"collection":[{"href":"https:\/\/invitastudio.si\/it\/wp-json\/wp\/v2\/pages"}],"about":[{"href":"https:\/\/invitastudio.si\/it\/wp-json\/wp\/v2\/types\/page"}],"author":[{"embeddable":true,"href":"https:\/\/invitastudio.si\/it\/wp-json\/wp\/v2\/users\/2"}],"replies":[{"embeddable":true,"href":"https:\/\/invitastudio.si\/it\/wp-json\/wp\/v2\/comments?post=111"}],"version-history":[{"count":34,"href":"https:\/\/invitastudio.si\/it\/wp-json\/wp\/v2\/pages\/111\/revisions"}],"predecessor-version":[{"id":1333,"href":"https:\/\/invitastudio.si\/it\/wp-json\/wp\/v2\/pages\/111\/revisions\/1333"}],"wp:attachment":[{"href":"https:\/\/invitastudio.si\/it\/wp-json\/wp\/v2\/media?parent=111"}],"curies":[{"name":"wp","href":"https:\/\/api.w.org\/{rel}","templated":true}]}}